{"id":7,"date":"2022-10-28T14:04:08","date_gmt":"2022-10-28T13:04:08","guid":{"rendered":"https:\/\/influencetechpr.com\/?page_id=7"},"modified":"2025-05-30T09:56:41","modified_gmt":"2025-05-30T08:56:41","slug":"home","status":"publish","type":"page","link":"https:\/\/influencetechpr.com\/es\/","title":{"rendered":"Inicio"},"content":{"rendered":"","protected":false},"excerpt":{"rendered":"","protected":false},"author":1,"featured_media":0,"parent":0,"menu_order":0,"comment_status":"closed","ping_status":"closed","template":"","meta":{"_acf_changed":false,"footnotes":""},"class_list":["post-7","page","type-page","status-publish","hentry"],"acf":[],"yoast_head":"<!-- This site is optimized with the Yoast SEO plugin v27.5 - https:\/\/yoast.com\/product\/yoast-seo-wordpress\/ -->\n<title>Home - Influence Tech PR<\/title>\n<meta name=\"description\" content=\"Influence Tech PR is the global leader in technology PR, delivering high-impact communications with the industry\u2019s most powerful media and influencer network \u2013 making us the world\u2019s best tech PR agency\" \/>\n<meta name=\"robots\" content=\"index, follow, max-snippet:-1, max-image-preview:large, max-video-preview:-1\" \/>\n<link rel=\"canonical\" href=\"https:\/\/influencetechpr.com\/es\/\" \/>\n<meta property=\"og:locale\" content=\"es_ES\" \/>\n<meta property=\"og:type\" content=\"article\" \/>\n<meta property=\"og:title\" content=\"Home - Influence Tech PR\" \/>\n<meta property=\"og:description\" content=\"Influence Tech PR is the global leader in technology PR, delivering high-impact communications with the industry\u2019s most powerful media and influencer network \u2013 making us the world\u2019s best tech PR agency\" \/>\n<meta property=\"og:url\" content=\"https:\/\/influencetechpr.com\/es\/\" \/>\n<meta property=\"og:site_name\" content=\"Influence Tech\" \/>\n<meta property=\"article:modified_time\" content=\"2025-05-30T08:56:41+00:00\" \/>\n<meta name=\"twitter:card\" content=\"summary_large_image\" \/>\n<script type=\"application\/ld+json\" class=\"yoast-schema-graph\">{\"@context\":\"https:\\\/\\\/schema.org\",\"@graph\":[{\"@type\":\"WebPage\",\"@id\":\"https:\\\/\\\/influencetechpr.com\\\/\",\"url\":\"https:\\\/\\\/influencetechpr.com\\\/\",\"name\":\"Home - Influence Tech PR\",\"isPartOf\":{\"@id\":\"https:\\\/\\\/influencetechpr.com\\\/#website\"},\"datePublished\":\"2022-10-28T13:04:08+00:00\",\"dateModified\":\"2025-05-30T08:56:41+00:00\",\"description\":\"Influence Tech PR is the global leader in technology PR, delivering high-impact communications with the industry\u2019s most powerful media and influencer network \u2013 making us the world\u2019s best tech PR agency\",\"breadcrumb\":{\"@id\":\"https:\\\/\\\/influencetechpr.com\\\/#breadcrumb\"},\"inLanguage\":\"es\",\"potentialAction\":[{\"@type\":\"ReadAction\",\"target\":[\"https:\\\/\\\/influencetechpr.com\\\/\"]}]},{\"@type\":\"BreadcrumbList\",\"@id\":\"https:\\\/\\\/influencetechpr.com\\\/#breadcrumb\",\"itemListElement\":[{\"@type\":\"ListItem\",\"position\":1,\"name\":\"Home\",\"item\":\"https:\\\/\\\/influencetechpr.com\\\/\"},{\"@type\":\"ListItem\",\"position\":2,\"name\":\"Home\"}]},{\"@type\":\"WebSite\",\"@id\":\"https:\\\/\\\/influencetechpr.com\\\/#website\",\"url\":\"https:\\\/\\\/influencetechpr.com\\\/\",\"name\":\"Influence Tech PR\",\"description\":\"Global Tech PR Agency - Influence Tech PR\",\"publisher\":{\"@id\":\"https:\\\/\\\/influencetechpr.com\\\/#organization\"},\"potentialAction\":[{\"@type\":\"SearchAction\",\"target\":{\"@type\":\"EntryPoint\",\"urlTemplate\":\"https:\\\/\\\/influencetechpr.com\\\/?s={search_term_string}\"},\"query-input\":{\"@type\":\"PropertyValueSpecification\",\"valueRequired\":true,\"valueName\":\"search_term_string\"}}],\"inLanguage\":\"es\"},{\"@type\":\"Organization\",\"@id\":\"https:\\\/\\\/influencetechpr.com\\\/#organization\",\"name\":\"Influence Tech PR\",\"url\":\"https:\\\/\\\/influencetechpr.com\\\/\",\"logo\":{\"@type\":\"ImageObject\",\"inLanguage\":\"es\",\"@id\":\"https:\\\/\\\/influencetechpr.com\\\/#\\\/schema\\\/logo\\\/image\\\/\",\"url\":\"https:\\\/\\\/influencetechpr.com\\\/wp-content\\\/uploads\\\/2024\\\/09\\\/influence-tech-logo.svg\",\"contentUrl\":\"https:\\\/\\\/influencetechpr.com\\\/wp-content\\\/uploads\\\/2024\\\/09\\\/influence-tech-logo.svg\",\"width\":270,\"height\":114,\"caption\":\"Influence Tech PR\"},\"image\":{\"@id\":\"https:\\\/\\\/influencetechpr.com\\\/#\\\/schema\\\/logo\\\/image\\\/\"},\"sameAs\":[\"https:\\\/\\\/www.linkedin.com\\\/company\\\/influence-tech-pr\"]}]}<\/script>\n<!-- \/ Yoast SEO plugin. -->","yoast_head_json":{"title":"Inicio - Influence Tech PR","description":"Influence Tech PR es el l\u00edder mundial en RRPP tecnol\u00f3gicas, que ofrece comunicaciones de alto impacto con la red de medios y personas influyentes m\u00e1s poderosa del sector, lo que nos convierte en la mejor agencia de RRPP tecnol\u00f3gicas del mundo.","robots":{"index":"index","follow":"follow","max-snippet":"max-snippet:-1","max-image-preview":"max-image-preview:large","max-video-preview":"max-video-preview:-1"},"canonical":"https:\/\/influencetechpr.com\/es\/","og_locale":"es_ES","og_type":"article","og_title":"Home - Influence Tech PR","og_description":"Influence Tech PR is the global leader in technology PR, delivering high-impact communications with the industry\u2019s most powerful media and influencer network \u2013 making us the world\u2019s best tech PR agency","og_url":"https:\/\/influencetechpr.com\/es\/","og_site_name":"Influence Tech","article_modified_time":"2025-05-30T08:56:41+00:00","twitter_card":"summary_large_image","schema":{"@context":"https:\/\/schema.org","@graph":[{"@type":"WebPage","@id":"https:\/\/influencetechpr.com\/","url":"https:\/\/influencetechpr.com\/","name":"Inicio - Influence Tech PR","isPartOf":{"@id":"https:\/\/influencetechpr.com\/#website"},"datePublished":"2022-10-28T13:04:08+00:00","dateModified":"2025-05-30T08:56:41+00:00","description":"Influence Tech PR es el l\u00edder mundial en RRPP tecnol\u00f3gicas, que ofrece comunicaciones de alto impacto con la red de medios y personas influyentes m\u00e1s poderosa del sector, lo que nos convierte en la mejor agencia de RRPP tecnol\u00f3gicas del mundo.","breadcrumb":{"@id":"https:\/\/influencetechpr.com\/#breadcrumb"},"inLanguage":"es","potentialAction":[{"@type":"ReadAction","target":["https:\/\/influencetechpr.com\/"]}]},{"@type":"BreadcrumbList","@id":"https:\/\/influencetechpr.com\/#breadcrumb","itemListElement":[{"@type":"ListItem","position":1,"name":"Home","item":"https:\/\/influencetechpr.com\/"},{"@type":"ListItem","position":2,"name":"Home"}]},{"@type":"WebSite","@id":"https:\/\/influencetechpr.com\/#website","url":"https:\/\/influencetechpr.com\/","name":"Influencia Tech PR","description":"Agencia global de RRPP tecnol\u00f3gicas - Influence Tech PR","publisher":{"@id":"https:\/\/influencetechpr.com\/#organization"},"potentialAction":[{"@type":"SearchAction","target":{"@type":"EntryPoint","urlTemplate":"https:\/\/influencetechpr.com\/?s={search_term_string}"},"query-input":{"@type":"PropertyValueSpecification","valueRequired":true,"valueName":"search_term_string"}}],"inLanguage":"es"},{"@type":"Organization","@id":"https:\/\/influencetechpr.com\/#organization","name":"Influencia Tech PR","url":"https:\/\/influencetechpr.com\/","logo":{"@type":"ImageObject","inLanguage":"es","@id":"https:\/\/influencetechpr.com\/#\/schema\/logo\/image\/","url":"https:\/\/influencetechpr.com\/wp-content\/uploads\/2024\/09\/influence-tech-logo.svg","contentUrl":"https:\/\/influencetechpr.com\/wp-content\/uploads\/2024\/09\/influence-tech-logo.svg","width":270,"height":114,"caption":"Influence Tech PR"},"image":{"@id":"https:\/\/influencetechpr.com\/#\/schema\/logo\/image\/"},"sameAs":["https:\/\/www.linkedin.com\/company\/influence-tech-pr"]}]}},"_links":{"self":[{"href":"https:\/\/influencetechpr.com\/es\/wp-json\/wp\/v2\/pages\/7","targetHints":{"allow":["GET"]}}],"collection":[{"href":"https:\/\/influencetechpr.com\/es\/wp-json\/wp\/v2\/pages"}],"about":[{"href":"https:\/\/influencetechpr.com\/es\/wp-json\/wp\/v2\/types\/page"}],"author":[{"embeddable":true,"href":"https:\/\/influencetechpr.com\/es\/wp-json\/wp\/v2\/users\/1"}],"replies":[{"embeddable":true,"href":"https:\/\/influencetechpr.com\/es\/wp-json\/wp\/v2\/comments?post=7"}],"version-history":[{"count":19,"href":"https:\/\/influencetechpr.com\/es\/wp-json\/wp\/v2\/pages\/7\/revisions"}],"predecessor-version":[{"id":280,"href":"https:\/\/influencetechpr.com\/es\/wp-json\/wp\/v2\/pages\/7\/revisions\/280"}],"wp:attachment":[{"href":"https:\/\/influencetechpr.com\/es\/wp-json\/wp\/v2\/media?parent=7"}],"curies":[{"name":"wp","href":"https:\/\/api.w.org\/{rel}","templated":true}]}}